{"id":1318,"date":"2021-11-21T15:14:41","date_gmt":"2021-11-21T15:14:41","guid":{"rendered":"https:\/\/serviflight.pt\/?page_id=1318"},"modified":"2025-12-16T16:18:26","modified_gmt":"2025-12-16T16:18:26","slug":"services","status":"publish","type":"page","link":"https:\/\/serviflight.pt\/?page_id=1318","title":{"rendered":"Services"},"content":{"rendered":"\t\t<div data-elementor-type=\"wp-page\" data-elementor-id=\"1318\" class=\"elementor elementor-1318\">\n\t\t\t\t\t\t<section class=\"elementor-section elementor-top-section elementor-element elementor-element-83746e8 elementor-section-height-min-height elementor-section-boxed elementor-section-height-default elementor-section-items-middle\" data-id=\"83746e8\" data-element_type=\"section\" data-e-type=\"section\" data-settings=\"{&quot;background_background&quot;:&quot;slideshow&quot;,&quot;background_slideshow_gallery&quot;:[{&quot;id&quot;:2481,&quot;url&quot;:&quot;https:\\\/\\\/serviflight.pt\\\/wp-content\\\/uploads\\\/2022\\\/05\\\/0b5d8d7a-cd58-4106-93d0-8e60b6d95305.jpeg&quot;},{&quot;id&quot;:1451,&quot;url&quot;:&quot;https:\\\/\\\/serviflight.pt\\\/wp-content\\\/uploads\\\/2022\\\/02\\\/cf4a3b04-2090-46d7-ad61-042be39a0787.jpeg&quot;},{&quot;id&quot;:2486,&quot;url&quot;:&quot;https:\\\/\\\/serviflight.pt\\\/wp-content\\\/uploads\\\/2022\\\/05\\\/49fcf656-ffb1-479b-8503-6f4ab76d0cb6.jpeg&quot;},{&quot;id&quot;:2492,&quot;url&quot;:&quot;https:\\\/\\\/serviflight.pt\\\/wp-content\\\/uploads\\\/2022\\\/05\\\/7251287a-1480-46d5-b429-301fe73c4732.jpeg&quot;},{&quot;id&quot;:1453,&quot;url&quot;:&quot;https:\\\/\\\/serviflight.pt\\\/wp-content\\\/uploads\\\/2022\\\/02\\\/0955c90b-0d67-4404-906f-7bd8e2e9003c.jpeg&quot;},{&quot;id&quot;:2490,&quot;url&quot;:&quot;https:\\\/\\\/serviflight.pt\\\/wp-content\\\/uploads\\\/2022\\\/05\\\/9729f985-2894-47ba-9001-1929e1240303.jpeg&quot;},{&quot;id&quot;:1858,&quot;url&quot;:&quot;https:\\\/\\\/serviflight.pt\\\/wp-content\\\/uploads\\\/2022\\\/02\\\/7008ef21-d891-4627-b35b-825c742c4257.jpeg&quot;},{&quot;id&quot;:1420,&quot;url&quot;:&quot;https:\\\/\\\/serviflight.pt\\\/wp-content\\\/uploads\\\/2022\\\/02\\\/246354233_102344022245701_2023228003649413023_n.jpg&quot;},{&quot;id&quot;:2203,&quot;url&quot;:&quot;https:\\\/\\\/serviflight.pt\\\/wp-content\\\/uploads\\\/2022\\\/02\\\/96908411-fa8f-4591-b821-27509ee9628d.jpeg&quot;},{&quot;id&quot;:2200,&quot;url&quot;:&quot;https:\\\/\\\/serviflight.pt\\\/wp-content\\\/uploads\\\/2022\\\/02\\\/0f8ee28c-f3bf-4c57-aff9-fe52ebbc8311.jpeg&quot;}],&quot;background_slideshow_loop&quot;:&quot;yes&quot;,&quot;background_slideshow_slide_duration&quot;:5000,&quot;background_slideshow_slide_transition&quot;:&quot;fade&quot;,&quot;background_slideshow_transition_duration&quot;:500}\">\n\t\t\t\t\t\t\t<div class=\"elementor-background-overlay\"><\/div>\n\t\t\t\t\t\t\t<div class=\"elementor-container elementor-column-gap-no\">\n\t\t\t\t\t<div class=\"elementor-column elementor-col-100 elementor-top-column elementor-element elementor-element-09faee3\" data-id=\"09faee3\" data-element_type=\"column\" data-e-type=\"column\">\n\t\t\t<div class=\"elementor-widget-wrap elementor-element-populated\">\n\t\t\t\t\t\t<div class=\"elementor-element elementor-element-c7152a9 elementor-widget elementor-widget-heading\" data-id=\"c7152a9\" data-element_type=\"widget\" data-e-type=\"widget\" data-widget_type=\"heading.default\">\n\t\t\t\t<div class=\"elementor-widget-container\">\n\t\t\t\t\t<h1 class=\"elementor-heading-title elementor-size-default\">Os nossos servi\u00e7os<\/h1>\t\t\t\t<\/div>\n\t\t\t\t<\/div>\n\t\t\t\t\t<\/div>\n\t\t<\/div>\n\t\t\t\t\t<\/div>\n\t\t<\/section>\n\t\t\t\t<section class=\"elementor-section elementor-top-section elementor-element elementor-element-899fb9f elementor-section-height-min-height elementor-section-boxed elementor-section-height-default elementor-section-items-middle\" data-id=\"899fb9f\" data-element_type=\"section\" data-e-type=\"section\" data-settings=\"{&quot;background_background&quot;:&quot;classic&quot;,&quot;animation&quot;:&quot;none&quot;}\">\n\t\t\t\t\t\t<div class=\"elementor-container elementor-column-gap-default\">\n\t\t\t\t\t<div class=\"elementor-column elementor-col-50 elementor-top-column elementor-element elementor-element-c767eeb elementor-invisible\" data-id=\"c767eeb\" data-element_type=\"column\" data-e-type=\"column\" data-settings=\"{&quot;animation&quot;:&quot;fadeInUp&quot;}\">\n\t\t\t<div class=\"elementor-widget-wrap elementor-element-populated\">\n\t\t\t\t\t\t<div class=\"elementor-element elementor-element-ceeb76d elementor-widget elementor-widget-image\" data-id=\"ceeb76d\" data-element_type=\"widget\" data-e-type=\"widget\" data-widget_type=\"image.default\">\n\t\t\t\t<div class=\"elementor-widget-container\">\n\t\t\t\t\t\t\t\t\t\t\t\t\t\t\t<img fetchpriority=\"high\" decoding=\"async\" width=\"992\" height=\"744\" src=\"https:\/\/serviflight.pt\/wp-content\/uploads\/2022\/04\/1648468911403.jpeg\" class=\"elementor-animation-grow attachment-full size-full wp-image-2426\" alt=\"\" srcset=\"https:\/\/serviflight.pt\/wp-content\/uploads\/2022\/04\/1648468911403.jpeg 992w, https:\/\/serviflight.pt\/wp-content\/uploads\/2022\/04\/1648468911403-300x225.jpeg 300w, https:\/\/serviflight.pt\/wp-content\/uploads\/2022\/04\/1648468911403-768x576.jpeg 768w\" sizes=\"(max-width: 992px) 100vw, 992px\" \/>\t\t\t\t\t\t\t\t\t\t\t\t\t\t\t<\/div>\n\t\t\t\t<\/div>\n\t\t\t\t<div class=\"elementor-element elementor-element-964eb84 elementor-align-center elementor-widget elementor-widget-button\" data-id=\"964eb84\" data-element_type=\"widget\" data-e-type=\"widget\" data-widget_type=\"button.default\">\n\t\t\t\t<div class=\"elementor-widget-container\">\n\t\t\t\t\t\t\t\t\t<div class=\"elementor-button-wrapper\">\n\t\t\t\t\t<a class=\"elementor-button elementor-button-link elementor-size-sm\" href=\"https:\/\/serviflight.pt\/?page_id=2148\">\n\t\t\t\t\t\t<span class=\"elementor-button-content-wrapper\">\n\t\t\t\t\t\t\t\t\t<span class=\"elementor-button-text\">Menu avia\u00e7\u00e3o<\/span>\n\t\t\t\t\t<\/span>\n\t\t\t\t\t<\/a>\n\t\t\t\t<\/div>\n\t\t\t\t\t\t\t\t<\/div>\n\t\t\t\t<\/div>\n\t\t\t\t\t<\/div>\n\t\t<\/div>\n\t\t\t\t<div class=\"elementor-column elementor-col-50 elementor-top-column elementor-element elementor-element-2c6bc0c elementor-invisible\" data-id=\"2c6bc0c\" data-element_type=\"column\" data-e-type=\"column\" data-settings=\"{&quot;animation&quot;:&quot;fadeInUp&quot;}\">\n\t\t\t<div class=\"elementor-widget-wrap elementor-element-populated\">\n\t\t\t\t\t\t<div class=\"elementor-element elementor-element-b98d242 elementor-widget elementor-widget-heading\" data-id=\"b98d242\" data-element_type=\"widget\" data-e-type=\"widget\" data-widget_type=\"heading.default\">\n\t\t\t\t<div class=\"elementor-widget-container\">\n\t\t\t\t\t<h2 class=\"elementor-heading-title elementor-size-default\">Catering para a avia\u00e7\u00e3o<\/h2>\t\t\t\t<\/div>\n\t\t\t\t<\/div>\n\t\t\t\t<div class=\"elementor-element elementor-element-8db2234 elementor-widget elementor-widget-text-editor\" data-id=\"8db2234\" data-element_type=\"widget\" data-e-type=\"widget\" data-widget_type=\"text-editor.default\">\n\t\t\t\t<div class=\"elementor-widget-container\">\n\t\t\t\t\t\t\t\t\t<p>Produzimos e fornecemos uma gama variada de produtos de alta qualidade, sugeridos por n\u00f3s e pelos nossos clientes.<\/p>\t\t\t\t\t\t\t\t<\/div>\n\t\t\t\t<\/div>\n\t\t\t\t\t<\/div>\n\t\t<\/div>\n\t\t\t\t\t<\/div>\n\t\t<\/section>\n\t\t\t\t<section class=\"elementor-section elementor-top-section elementor-element elementor-element-928ff6d elementor-section-height-min-height elementor-section-boxed elementor-section-height-default elementor-section-items-middle\" data-id=\"928ff6d\" data-element_type=\"section\" data-e-type=\"section\" data-settings=\"{&quot;background_background&quot;:&quot;classic&quot;,&quot;animation&quot;:&quot;none&quot;}\">\n\t\t\t\t\t\t<div class=\"elementor-container elementor-column-gap-default\">\n\t\t\t\t\t<div class=\"elementor-column elementor-col-50 elementor-top-column elementor-element elementor-element-4787143 elementor-invisible\" data-id=\"4787143\" data-element_type=\"column\" data-e-type=\"column\" data-settings=\"{&quot;animation&quot;:&quot;fadeInUp&quot;}\">\n\t\t\t<div class=\"elementor-widget-wrap elementor-element-populated\">\n\t\t\t\t\t\t<div class=\"elementor-element elementor-element-60ace45 elementor-widget elementor-widget-heading\" data-id=\"60ace45\" data-element_type=\"widget\" data-e-type=\"widget\" data-widget_type=\"heading.default\">\n\t\t\t\t<div class=\"elementor-widget-container\">\n\t\t\t\t\t<h2 class=\"elementor-heading-title elementor-size-default\">Take away<\/h2>\t\t\t\t<\/div>\n\t\t\t\t<\/div>\n\t\t\t\t<div class=\"elementor-element elementor-element-3c909dd elementor-widget elementor-widget-text-editor\" data-id=\"3c909dd\" data-element_type=\"widget\" data-e-type=\"widget\" data-widget_type=\"text-editor.default\">\n\t\t\t\t<div class=\"elementor-widget-container\">\n\t\t\t\t\t\t\t\t\t<p>O servi\u00e7o consiste na confe\u00e7\u00e3o de comida pronta a consumir e entrega da mesma.<\/p>\n<p>As encomendas s\u00f3 ir\u00e3o ser confecionadas ap\u00f3s um comprovativo de pagamento. As entregas poder\u00e3o ser feitas nas instala\u00e7\u00f5es da Serviflight sem qualquer custo adicional ou limitadas ao Cani\u00e7o, a Santa Cruz e a Machico.<\/p>\n<p><span data-redactor-span=\"true\" data-redactor-style-cache=\"font-size: 12pt; color: var(--text-dark); background-color: var(--main-white);\">Ter\u00e1 de ser feito um pr\u00e9-pagamento no ato da encomenda de forma a assegurar a mesma.<\/span><\/p>\n<p><br><\/p>\t\t\t\t\t\t\t\t<\/div>\n\t\t\t\t<\/div>\n\t\t\t\t\t<\/div>\n\t\t<\/div>\n\t\t\t\t<div class=\"elementor-column elementor-col-50 elementor-top-column elementor-element elementor-element-cc9c5fe elementor-invisible\" data-id=\"cc9c5fe\" data-element_type=\"column\" data-e-type=\"column\" data-settings=\"{&quot;animation&quot;:&quot;fadeInUp&quot;}\">\n\t\t\t<div class=\"elementor-widget-wrap elementor-element-populated\">\n\t\t\t\t\t\t<div class=\"elementor-element elementor-element-c7311c4 elementor-widget elementor-widget-image\" data-id=\"c7311c4\" data-element_type=\"widget\" data-e-type=\"widget\" data-widget_type=\"image.default\">\n\t\t\t\t<div class=\"elementor-widget-container\">\n\t\t\t\t\t\t\t\t\t\t\t\t\t\t\t<img decoding=\"async\" width=\"1500\" height=\"2000\" src=\"https:\/\/serviflight.pt\/wp-content\/uploads\/2022\/04\/33546ef6-e560-4845-b4a8-63006e8cefc2.jpeg\" class=\"elementor-animation-grow attachment-full size-full wp-image-2444\" alt=\"\" srcset=\"https:\/\/serviflight.pt\/wp-content\/uploads\/2022\/04\/33546ef6-e560-4845-b4a8-63006e8cefc2.jpeg 1500w, https:\/\/serviflight.pt\/wp-content\/uploads\/2022\/04\/33546ef6-e560-4845-b4a8-63006e8cefc2-225x300.jpeg 225w, https:\/\/serviflight.pt\/wp-content\/uploads\/2022\/04\/33546ef6-e560-4845-b4a8-63006e8cefc2-768x1024.jpeg 768w, https:\/\/serviflight.pt\/wp-content\/uploads\/2022\/04\/33546ef6-e560-4845-b4a8-63006e8cefc2-1152x1536.jpeg 1152w\" sizes=\"(max-width: 1500px) 100vw, 1500px\" \/>\t\t\t\t\t\t\t\t\t\t\t\t\t\t\t<\/div>\n\t\t\t\t<\/div>\n\t\t\t\t<div class=\"elementor-element elementor-element-462e7fb elementor-align-center elementor-widget elementor-widget-button\" data-id=\"462e7fb\" data-element_type=\"widget\" data-e-type=\"widget\" data-widget_type=\"button.default\">\n\t\t\t\t<div class=\"elementor-widget-container\">\n\t\t\t\t\t\t\t\t\t<div class=\"elementor-button-wrapper\">\n\t\t\t\t\t<a class=\"elementor-button elementor-button-link elementor-size-sm\" href=\"https:\/\/serviflight.pt\/?page_id=2143\">\n\t\t\t\t\t\t<span class=\"elementor-button-content-wrapper\">\n\t\t\t\t\t\t\t\t\t<span class=\"elementor-button-text\">Menu take away<\/span>\n\t\t\t\t\t<\/span>\n\t\t\t\t\t<\/a>\n\t\t\t\t<\/div>\n\t\t\t\t\t\t\t\t<\/div>\n\t\t\t\t<\/div>\n\t\t\t\t\t<\/div>\n\t\t<\/div>\n\t\t\t\t\t<\/div>\n\t\t<\/section>\n\t\t\t\t<section class=\"elementor-section elementor-top-section elementor-element elementor-element-5ad08dd elementor-section-height-min-height elementor-section-content-top elementor-section-boxed elementor-section-height-default elementor-section-items-middle\" data-id=\"5ad08dd\" data-element_type=\"section\" data-e-type=\"section\" data-settings=\"{&quot;background_background&quot;:&quot;gradient&quot;}\">\n\t\t\t\t\t\t<div class=\"elementor-container elementor-column-gap-default\">\n\t\t\t\t\t<div class=\"elementor-column elementor-col-33 elementor-top-column elementor-element elementor-element-b0a3cfe\" data-id=\"b0a3cfe\" data-element_type=\"column\" data-e-type=\"column\">\n\t\t\t<div class=\"elementor-widget-wrap elementor-element-populated\">\n\t\t\t\t\t\t<div class=\"elementor-element elementor-element-a852e68 elementor-widget elementor-widget-heading\" data-id=\"a852e68\" data-element_type=\"widget\" data-e-type=\"widget\" data-widget_type=\"heading.default\">\n\t\t\t\t<div class=\"elementor-widget-container\">\n\t\t\t\t\t<h2 class=\"elementor-heading-title elementor-size-default\">Morada<\/h2>\t\t\t\t<\/div>\n\t\t\t\t<\/div>\n\t\t\t\t<div class=\"elementor-element elementor-element-74461ed elementor-widget elementor-widget-text-editor\" data-id=\"74461ed\" data-element_type=\"widget\" data-e-type=\"widget\" data-widget_type=\"text-editor.default\">\n\t\t\t\t<div class=\"elementor-widget-container\">\n\t\t\t\t\t\t\t\t\t<p>Aeroporto da Madeira<\/p><p>9100-105 Santa Cruz<\/p><p>Madeira &#8211; Portugal<\/p>\t\t\t\t\t\t\t\t<\/div>\n\t\t\t\t<\/div>\n\t\t\t\t\t<\/div>\n\t\t<\/div>\n\t\t\t\t<div class=\"elementor-column elementor-col-33 elementor-top-column elementor-element elementor-element-78d96d4\" data-id=\"78d96d4\" data-element_type=\"column\" data-e-type=\"column\">\n\t\t\t<div class=\"elementor-widget-wrap elementor-element-populated\">\n\t\t\t\t\t\t<div class=\"elementor-element elementor-element-8fd77f2 elementor-align-center elementor-widget elementor-widget-button\" data-id=\"8fd77f2\" data-element_type=\"widget\" data-e-type=\"widget\" data-widget_type=\"button.default\">\n\t\t\t\t<div class=\"elementor-widget-container\">\n\t\t\t\t\t\t\t\t\t<div class=\"elementor-button-wrapper\">\n\t\t\t\t\t<a class=\"elementor-button elementor-button-link elementor-size-sm\" href=\"https:\/\/serviflight.pt\/?page_id=1319\">\n\t\t\t\t\t\t<span class=\"elementor-button-content-wrapper\">\n\t\t\t\t\t\t<span class=\"elementor-button-icon\">\n\t\t\t\t<i aria-hidden=\"true\" class=\"fas fa-info-circle\"><\/i>\t\t\t<\/span>\n\t\t\t\t\t\t\t\t\t<span class=\"elementor-button-text\">Mais informa\u00e7\u00f5es<\/span>\n\t\t\t\t\t<\/span>\n\t\t\t\t\t<\/a>\n\t\t\t\t<\/div>\n\t\t\t\t\t\t\t\t<\/div>\n\t\t\t\t<\/div>\n\t\t\t\t<div class=\"elementor-element elementor-element-1c8d95c elementor-shape-rounded elementor-grid-0 e-grid-align-center elementor-widget elementor-widget-social-icons\" data-id=\"1c8d95c\" data-element_type=\"widget\" data-e-type=\"widget\" data-widget_type=\"social-icons.default\">\n\t\t\t\t<div class=\"elementor-widget-container\">\n\t\t\t\t\t\t\t<div class=\"elementor-social-icons-wrapper elementor-grid\" role=\"list\">\n\t\t\t\t\t\t\t<span class=\"elementor-grid-item\" role=\"listitem\">\n\t\t\t\t\t<a class=\"elementor-icon elementor-social-icon elementor-social-icon-facebook elementor-repeater-item-6b8fc2f\" href=\"https:\/\/www.facebook.com\/Serviflight\" target=\"_blank\">\n\t\t\t\t\t\t<span class=\"elementor-screen-only\">Facebook<\/span>\n\t\t\t\t\t\t<i aria-hidden=\"true\" class=\"fab fa-facebook\"><\/i>\t\t\t\t\t<\/a>\n\t\t\t\t<\/span>\n\t\t\t\t\t\t\t<span class=\"elementor-grid-item\" role=\"listitem\">\n\t\t\t\t\t<a class=\"elementor-icon elementor-social-icon elementor-social-icon-instagram elementor-repeater-item-21bc1ec\" href=\"https:\/\/www.instagram.com\/serviflight\/\" target=\"_blank\">\n\t\t\t\t\t\t<span class=\"elementor-screen-only\">Instagram<\/span>\n\t\t\t\t\t\t<i aria-hidden=\"true\" class=\"fab fa-instagram\"><\/i>\t\t\t\t\t<\/a>\n\t\t\t\t<\/span>\n\t\t\t\t\t\t\t<span class=\"elementor-grid-item\" role=\"listitem\">\n\t\t\t\t\t<a class=\"elementor-icon elementor-social-icon elementor-social-icon-envelope elementor-repeater-item-680819a\" href=\"http:\/\/account@serviflight.pt\" target=\"_blank\">\n\t\t\t\t\t\t<span class=\"elementor-screen-only\">Envelope<\/span>\n\t\t\t\t\t\t<i aria-hidden=\"true\" class=\"fas fa-envelope\"><\/i>\t\t\t\t\t<\/a>\n\t\t\t\t<\/span>\n\t\t\t\t\t\t\t<span class=\"elementor-grid-item\" role=\"listitem\">\n\t\t\t\t\t<a class=\"elementor-icon elementor-social-icon elementor-social-icon-book elementor-repeater-item-d4a9537\" href=\"https:\/\/www.livroreclamacoes.pt\/Utilizador\/AutenticacaoConsumidor\" target=\"_blank\">\n\t\t\t\t\t\t<span class=\"elementor-screen-only\">Book<\/span>\n\t\t\t\t\t\t<i aria-hidden=\"true\" class=\"fas fa-book\"><\/i>\t\t\t\t\t<\/a>\n\t\t\t\t<\/span>\n\t\t\t\t\t<\/div>\n\t\t\t\t\t\t<\/div>\n\t\t\t\t<\/div>\n\t\t\t\t\t<\/div>\n\t\t<\/div>\n\t\t\t\t<div class=\"elementor-column elementor-col-33 elementor-top-column elementor-element elementor-element-f529ec5\" data-id=\"f529ec5\" data-element_type=\"column\" data-e-type=\"column\">\n\t\t\t<div class=\"elementor-widget-wrap elementor-element-populated\">\n\t\t\t\t\t\t<div class=\"elementor-element elementor-element-12b9f56 elementor-widget elementor-widget-heading\" data-id=\"12b9f56\" data-element_type=\"widget\" data-e-type=\"widget\" data-widget_type=\"heading.default\">\n\t\t\t\t<div class=\"elementor-widget-container\">\n\t\t\t\t\t<h2 class=\"elementor-heading-title elementor-size-default\">Contactos<\/h2>\t\t\t\t<\/div>\n\t\t\t\t<\/div>\n\t\t\t\t<div class=\"elementor-element elementor-element-60b1646 elementor-widget elementor-widget-text-editor\" data-id=\"60b1646\" data-element_type=\"widget\" data-e-type=\"widget\" data-widget_type=\"text-editor.default\">\n\t\t\t\t<div class=\"elementor-widget-container\">\n\t\t\t\t\t\t\t\t\t<p>Tel: +351 291 520 200<\/p><p><u>Chamada para a rede fixa nacional<\/u><\/p><p>Mob: +351 969 828 442<\/p><p><u>Chamada para a rede m\u00f3vel nacional<\/u><\/p><p>Commercial: commercial@serviflight.pt<\/p><p>Inflight Catering: operations@serviflight.pt<\/p>\t\t\t\t\t\t\t\t<\/div>\n\t\t\t\t<\/div>\n\t\t\t\t\t<\/div>\n\t\t<\/div>\n\t\t\t\t\t<\/div>\n\t\t<\/section>\n\t\t\t\t<section class=\"elementor-section elementor-top-section elementor-element elementor-element-a0b1e36 elementor-section-boxed elementor-section-height-default elementor-section-height-default\" data-id=\"a0b1e36\" data-element_type=\"section\" data-e-type=\"section\" data-settings=\"{&quot;background_background&quot;:&quot;gradient&quot;}\">\n\t\t\t\t\t\t<div class=\"elementor-container elementor-column-gap-default\">\n\t\t\t\t\t<div class=\"elementor-column elementor-col-100 elementor-top-column elementor-element elementor-element-b421d4a\" data-id=\"b421d4a\" data-element_type=\"column\" data-e-type=\"column\">\n\t\t\t<div class=\"elementor-widget-wrap elementor-element-populated\">\n\t\t\t\t\t\t<div class=\"elementor-element elementor-element-28fc663 elementor-widget elementor-widget-image\" data-id=\"28fc663\" data-element_type=\"widget\" data-e-type=\"widget\" data-widget_type=\"image.default\">\n\t\t\t\t<div class=\"elementor-widget-container\">\n\t\t\t\t\t\t\t\t\t\t\t\t\t\t\t<img decoding=\"async\" width=\"1024\" height=\"171\" src=\"https:\/\/serviflight.pt\/wp-content\/uploads\/2025\/12\/MADEIRA2030_BarraCofinan_Band_Ass_RGB_3590px-1024x171.png\" class=\"attachment-large size-large wp-image-2812\" alt=\"\" srcset=\"https:\/\/serviflight.pt\/wp-content\/uploads\/2025\/12\/MADEIRA2030_BarraCofinan_Band_Ass_RGB_3590px-1024x171.png 1024w, https:\/\/serviflight.pt\/wp-content\/uploads\/2025\/12\/MADEIRA2030_BarraCofinan_Band_Ass_RGB_3590px-300x50.png 300w, https:\/\/serviflight.pt\/wp-content\/uploads\/2025\/12\/MADEIRA2030_BarraCofinan_Band_Ass_RGB_3590px-768x128.png 768w, https:\/\/serviflight.pt\/wp-content\/uploads\/2025\/12\/MADEIRA2030_BarraCofinan_Band_Ass_RGB_3590px-1536x256.png 1536w, https:\/\/serviflight.pt\/wp-content\/uploads\/2025\/12\/MADEIRA2030_BarraCofinan_Band_Ass_RGB_3590px-2048x341.png 2048w\" sizes=\"(max-width: 1024px) 100vw, 1024px\" \/>\t\t\t\t\t\t\t\t\t\t\t\t\t\t\t<\/div>\n\t\t\t\t<\/div>\n\t\t\t\t\t<\/div>\n\t\t<\/div>\n\t\t\t\t\t<\/div>\n\t\t<\/section>\n\t\t\t\t<\/div>\n\t\t","protected":false},"excerpt":{"rendered":"<p>Os nossos servi\u00e7os Menu avia\u00e7\u00e3o Catering para a avia\u00e7\u00e3o Produzimos e fornecemos uma gama variada de produtos de alta qualidade, sugeridos por n\u00f3s e pelos nossos clientes. Take away O servi\u00e7o consiste na confe\u00e7\u00e3o de comida pronta a consumir e entrega da mesma. As encomendas s\u00f3 ir\u00e3o ser confecionadas ap\u00f3s um comprovativo de pagamento. As [&hellip;]<\/p>\n","protected":false},"author":1,"featured_media":0,"parent":0,"menu_order":0,"comment_status":"closed","ping_status":"closed","template":"","meta":{"site-sidebar-layout":"no-sidebar","site-content-layout":"page-builder","ast-site-content-layout":"","site-content-style":"default","site-sidebar-style":"default","ast-global-header-display":"","ast-banner-title-visibility":"","ast-main-header-display":"","ast-hfb-above-header-display":"","ast-hfb-below-header-display":"","ast-hfb-mobile-header-display":"","site-post-title":"disabled","ast-breadcrumbs-content":"","ast-featured-img":"disabled","footer-sml-layout":"","theme-transparent-header-meta":"enabled","adv-header-id-meta":"","stick-header-meta":"","header-above-stick-meta":"","header-main-stick-meta":"","header-below-stick-meta":"","astra-migrate-meta-layouts":"default","ast-page-background-enabled":"default","ast-page-background-meta":{"desktop":{"background-color":"var(--ast-global-color-4)","background-image":"","background-repeat":"repeat","background-position":"center center","background-size":"auto","background-attachment":"scroll","background-type":"","background-media":"","overlay-type":"","overlay-color":"","overlay-gradient":""},"tablet":{"background-color":"","background-image":"","background-repeat":"repeat","background-position":"center center","background-size":"auto","background-attachment":"scroll","background-type":"","background-media":"","overlay-type":"","overlay-color":"","overlay-gradient":""},"mobile":{"background-color":"","background-image":"","background-repeat":"repeat","background-position":"center center","background-size":"auto","background-attachment":"scroll","background-type":"","background-media":"","overlay-type":"","overlay-color":"","overlay-gradient":""}},"ast-content-background-meta":{"desktop":{"background-color":"var(--ast-global-color-5)","background-image":"","background-repeat":"repeat","background-position":"center center","background-size":"auto","background-attachment":"scroll","background-type":"","background-media":"","overlay-type":"","overlay-color":"","overlay-gradient":""},"tablet":{"background-color":"var(--ast-global-color-5)","background-image":"","background-repeat":"repeat","background-position":"center center","background-size":"auto","background-attachment":"scroll","background-type":"","background-media":"","overlay-type":"","overlay-color":"","overlay-gradient":""},"mobile":{"background-color":"var(--ast-global-color-5)","background-image":"","background-repeat":"repeat","background-position":"center center","background-size":"auto","background-attachment":"scroll","background-type":"","background-media":"","overlay-type":"","overlay-color":"","overlay-gradient":""}},"footnotes":""},"class_list":["post-1318","page","type-page","status-publish","hentry"],"_links":{"self":[{"href":"https:\/\/serviflight.pt\/index.php?rest_route=\/wp\/v2\/pages\/1318","targetHints":{"allow":["GET"]}}],"collection":[{"href":"https:\/\/serviflight.pt\/index.php?rest_route=\/wp\/v2\/pages"}],"about":[{"href":"https:\/\/serviflight.pt\/index.php?rest_route=\/wp\/v2\/types\/page"}],"author":[{"embeddable":true,"href":"https:\/\/serviflight.pt\/index.php?rest_route=\/wp\/v2\/users\/1"}],"replies":[{"embeddable":true,"href":"https:\/\/serviflight.pt\/index.php?rest_route=%2Fwp%2Fv2%2Fcomments&post=1318"}],"version-history":[{"count":169,"href":"https:\/\/serviflight.pt\/index.php?rest_route=\/wp\/v2\/pages\/1318\/revisions"}],"predecessor-version":[{"id":2883,"href":"https:\/\/serviflight.pt\/index.php?rest_route=\/wp\/v2\/pages\/1318\/revisions\/2883"}],"wp:attachment":[{"href":"https:\/\/serviflight.pt\/index.php?rest_route=%2Fwp%2Fv2%2Fmedia&parent=1318"}],"curies":[{"name":"wp","href":"https:\/\/api.w.org\/{rel}","templated":true}]}}