{"id":2091,"date":"2022-02-23T11:47:32","date_gmt":"2022-02-23T11:47:32","guid":{"rendered":"https:\/\/serviflight.pt\/?page_id=2091"},"modified":"2025-12-16T16:21:35","modified_gmt":"2025-12-16T16:21:35","slug":"feedback","status":"publish","type":"page","link":"https:\/\/serviflight.pt\/?page_id=2091","title":{"rendered":"Feedback"},"content":{"rendered":"\t\t<div data-elementor-type=\"wp-page\" data-elementor-id=\"2091\" class=\"elementor elementor-2091\">\n\t\t\t\t\t\t<section class=\"elementor-section elementor-top-section elementor-element elementor-element-oz7x3fk elementor-section-height-min-height elementor-section-boxed elementor-section-height-default elementor-section-items-middle\" data-id=\"oz7x3fk\" data-element_type=\"section\" data-e-type=\"section\" data-settings=\"{&quot;background_background&quot;:&quot;slideshow&quot;,&quot;background_slideshow_gallery&quot;:[{&quot;id&quot;:2069,&quot;url&quot;:&quot;https:\\\/\\\/serviflight.pt\\\/wp-content\\\/uploads\\\/2022\\\/02\\\/6910eb49-dbca-44a2-a862-5cdbb2558cf0.jpeg&quot;},{&quot;id&quot;:1512,&quot;url&quot;:&quot;https:\\\/\\\/serviflight.pt\\\/wp-content\\\/uploads\\\/2022\\\/02\\\/54511219-0f48-47c2-bf63-c90f03d15fea.jpeg&quot;},{&quot;id&quot;:1453,&quot;url&quot;:&quot;https:\\\/\\\/serviflight.pt\\\/wp-content\\\/uploads\\\/2022\\\/02\\\/0955c90b-0d67-4404-906f-7bd8e2e9003c.jpeg&quot;},{&quot;id&quot;:1510,&quot;url&quot;:&quot;https:\\\/\\\/serviflight.pt\\\/wp-content\\\/uploads\\\/2022\\\/02\\\/1de79c79-3149-423f-8c72-e7a7423ffc62.jpeg&quot;},{&quot;id&quot;:2051,&quot;url&quot;:&quot;https:\\\/\\\/serviflight.pt\\\/wp-content\\\/uploads\\\/2022\\\/02\\\/2a26d037-fd02-4ef8-be4f-3211c5c5056b.jpeg&quot;},{&quot;id&quot;:1427,&quot;url&quot;:&quot;https:\\\/\\\/serviflight.pt\\\/wp-content\\\/uploads\\\/2022\\\/02\\\/271388174_133445355802234_6740084232286520170_n.jpg&quot;}],&quot;background_slideshow_loop&quot;:&quot;yes&quot;,&quot;background_slideshow_slide_duration&quot;:5000,&quot;background_slideshow_slide_transition&quot;:&quot;fade&quot;,&quot;background_slideshow_transition_duration&quot;:500}\">\n\t\t\t\t\t\t\t<div class=\"elementor-background-overlay\"><\/div>\n\t\t\t\t\t\t\t<div class=\"elementor-container elementor-column-gap-default\">\n\t\t\t\t\t<div class=\"elementor-column elementor-col-100 elementor-top-column elementor-element elementor-element-ddcf7e8\" data-id=\"ddcf7e8\" data-element_type=\"column\" data-e-type=\"column\">\n\t\t\t<div class=\"elementor-widget-wrap elementor-element-populated\">\n\t\t\t\t\t\t<div class=\"elementor-element elementor-element-9654805 elementor-widget elementor-widget-heading\" data-id=\"9654805\" data-element_type=\"widget\" data-e-type=\"widget\" data-widget_type=\"heading.default\">\n\t\t\t\t<div class=\"elementor-widget-container\">\n\t\t\t\t\t<h1 class=\"elementor-heading-title elementor-size-default\">Feedback<\/h1>\t\t\t\t<\/div>\n\t\t\t\t<\/div>\n\t\t\t\t\t<\/div>\n\t\t<\/div>\n\t\t\t\t\t<\/div>\n\t\t<\/section>\n\t\t\t\t<section class=\"elementor-section elementor-top-section elementor-element elementor-element-pggewlj elementor-section-boxed elementor-section-height-default elementor-section-height-default\" data-id=\"pggewlj\" data-element_type=\"section\" data-e-type=\"section\" data-settings=\"{&quot;background_background&quot;:&quot;classic&quot;}\">\n\t\t\t\t\t\t<div class=\"elementor-container elementor-column-gap-default\">\n\t\t\t\t\t<div class=\"elementor-column elementor-col-100 elementor-top-column elementor-element elementor-element-c2e76a9\" data-id=\"c2e76a9\" data-element_type=\"column\" data-e-type=\"column\">\n\t\t\t<div class=\"elementor-widget-wrap elementor-element-populated\">\n\t\t\t\t\t\t<div class=\"elementor-element elementor-element-da24d27 elementor-widget elementor-widget-heading\" data-id=\"da24d27\" data-element_type=\"widget\" data-e-type=\"widget\" data-widget_type=\"heading.default\">\n\t\t\t\t<div class=\"elementor-widget-container\">\n\t\t\t\t\t<h2 class=\"elementor-heading-title elementor-size-default\">Feedback relativo aos nossos servi\u00e7os<\/h2>\t\t\t\t<\/div>\n\t\t\t\t<\/div>\n\t\t\t\t<div class=\"elementor-element elementor-element-9f2d2b4 elementor-widget elementor-widget-shortcode\" data-id=\"9f2d2b4\" data-element_type=\"widget\" data-e-type=\"widget\" data-widget_type=\"shortcode.default\">\n\t\t\t\t<div class=\"elementor-widget-container\">\n\t\t\t\t\t\t\t<div class=\"elementor-shortcode\"><div class=\"wpforms-container wpforms-container-full\" id=\"wpforms-2085\"><form id=\"wpforms-form-2085\" class=\"wpforms-validate wpforms-form wpforms-ajax-form\" data-formid=\"2085\" method=\"post\" enctype=\"multipart\/form-data\" action=\"\/index.php?rest_route=%2Fwp%2Fv2%2Fpages%2F2091\" data-token=\"def6dbba30bbef6dc9f6748691edc794\" data-token-time=\"1775303244\"><noscript class=\"wpforms-error-noscript\">Please enable JavaScript in your browser to complete this form.<\/noscript><div class=\"wpforms-field-container\"><div id=\"wpforms-2085-field_5-container\" class=\"wpforms-field wpforms-field-checkbox wpforms-list-inline\" data-field-id=\"5\"><label class=\"wpforms-field-label\">Qualidade dos nossos servi\u00e7os<\/label><ul id=\"wpforms-2085-field_5\"><li class=\"choice-1 depth-1\"><input type=\"checkbox\" id=\"wpforms-2085-field_5_1\" name=\"wpforms[fields][5][]\" value=\"Excelente\"  ><label class=\"wpforms-field-label-inline\" for=\"wpforms-2085-field_5_1\">Excelente<\/label><\/li><li class=\"choice-2 depth-1\"><input type=\"checkbox\" id=\"wpforms-2085-field_5_2\" name=\"wpforms[fields][5][]\" value=\"Bom\"  ><label class=\"wpforms-field-label-inline\" for=\"wpforms-2085-field_5_2\">Bom<\/label><\/li><li class=\"choice-3 depth-1\"><input type=\"checkbox\" id=\"wpforms-2085-field_5_3\" name=\"wpforms[fields][5][]\" value=\"N\u00e3o muito bom\"  ><label class=\"wpforms-field-label-inline\" for=\"wpforms-2085-field_5_3\">N\u00e3o muito bom<\/label><\/li><\/ul><\/div><div id=\"wpforms-2085-field_6-container\" class=\"wpforms-field wpforms-field-checkbox wpforms-list-inline\" data-field-id=\"6\"><label class=\"wpforms-field-label\">Qualidade da nossa comida<\/label><ul id=\"wpforms-2085-field_6\"><li class=\"choice-1 depth-1\"><input type=\"checkbox\" id=\"wpforms-2085-field_6_1\" name=\"wpforms[fields][6][]\" value=\"Excelente\"  ><label class=\"wpforms-field-label-inline\" for=\"wpforms-2085-field_6_1\">Excelente<\/label><\/li><li class=\"choice-2 depth-1\"><input type=\"checkbox\" id=\"wpforms-2085-field_6_2\" name=\"wpforms[fields][6][]\" value=\"Bom\"  ><label class=\"wpforms-field-label-inline\" for=\"wpforms-2085-field_6_2\">Bom<\/label><\/li><li class=\"choice-3 depth-1\"><input type=\"checkbox\" id=\"wpforms-2085-field_6_3\" name=\"wpforms[fields][6][]\" value=\"N\u00e3o muito bom\"  ><label class=\"wpforms-field-label-inline\" for=\"wpforms-2085-field_6_3\">N\u00e3o muito bom<\/label><\/li><\/ul><\/div><div id=\"wpforms-2085-field_7-container\" class=\"wpforms-field wpforms-field-checkbox wpforms-list-inline\" data-field-id=\"7\"><label class=\"wpforms-field-label\">Tempo de entrega<\/label><ul id=\"wpforms-2085-field_7\"><li class=\"choice-1 depth-1\"><input type=\"checkbox\" id=\"wpforms-2085-field_7_1\" name=\"wpforms[fields][7][]\" value=\"Pontual\"  ><label class=\"wpforms-field-label-inline\" for=\"wpforms-2085-field_7_1\">Pontual<\/label><\/li><li class=\"choice-2 depth-1\"><input type=\"checkbox\" id=\"wpforms-2085-field_7_2\" name=\"wpforms[fields][7][]\" value=\"Nao pontual\"  ><label class=\"wpforms-field-label-inline\" for=\"wpforms-2085-field_7_2\">Nao pontual<\/label><\/li><\/ul><\/div><div id=\"wpforms-2085-field_9-container\" class=\"wpforms-field wpforms-field-checkbox wpforms-list-inline\" data-field-id=\"9\"><label class=\"wpforms-field-label\">Resposta ao pedido<\/label><ul id=\"wpforms-2085-field_9\"><li class=\"choice-1 depth-1\"><input type=\"checkbox\" id=\"wpforms-2085-field_9_1\" name=\"wpforms[fields][9][]\" value=\"Muito r\u00e1pido\"  ><label class=\"wpforms-field-label-inline\" for=\"wpforms-2085-field_9_1\">Muito r\u00e1pido<\/label><\/li><li class=\"choice-2 depth-1\"><input type=\"checkbox\" id=\"wpforms-2085-field_9_2\" name=\"wpforms[fields][9][]\" value=\"R\u00e1pido\"  ><label class=\"wpforms-field-label-inline\" for=\"wpforms-2085-field_9_2\">R\u00e1pido<\/label><\/li><li class=\"choice-3 depth-1\"><input type=\"checkbox\" id=\"wpforms-2085-field_9_3\" name=\"wpforms[fields][9][]\" value=\"Demorado\"  ><label class=\"wpforms-field-label-inline\" for=\"wpforms-2085-field_9_3\">Demorado<\/label><\/li><\/ul><\/div><div id=\"wpforms-2085-field_3-container\" class=\"wpforms-field wpforms-field-text\" data-field-id=\"3\"><label class=\"wpforms-field-label\" for=\"wpforms-2085-field_3\">O que desejava sugerir? <span class=\"wpforms-required-label\">*<\/span><\/label><input type=\"text\" id=\"wpforms-2085-field_3\" class=\"wpforms-field-large wpforms-field-required\" name=\"wpforms[fields][3]\" required><\/div><\/div><!-- .wpforms-field-container --><div class=\"wpforms-submit-container\" ><input type=\"hidden\" name=\"wpforms[id]\" value=\"2085\"><input type=\"hidden\" name=\"page_title\" value=\"\"><input type=\"hidden\" name=\"page_url\" value=\"https:\/\/serviflight.pt\/index.php?rest_route=\/wp\/v2\/pages\/2091\"><input type=\"hidden\" name=\"url_referer\" value=\"\"><button type=\"submit\" name=\"wpforms[submit]\" id=\"wpforms-submit-2085\" class=\"wpforms-submit\" data-alt-text=\"Sending...\" data-submit-text=\"Submeter\" aria-live=\"assertive\" value=\"wpforms-submit\">Submeter<\/button><img decoding=\"async\" src=\"https:\/\/serviflight.pt\/wp-content\/plugins\/wpforms-lite\/assets\/images\/submit-spin.svg\" class=\"wpforms-submit-spinner\" style=\"display: none;\" width=\"26\" height=\"26\" alt=\"Loading\"><\/div><\/form><\/div>  <!-- .wpforms-container --><\/div>\n\t\t\t\t\t\t<\/div>\n\t\t\t\t<\/div>\n\t\t\t\t\t<\/div>\n\t\t<\/div>\n\t\t\t\t\t<\/div>\n\t\t<\/section>\n\t\t\t\t<section class=\"elementor-section elementor-top-section elementor-element elementor-element-7e9c76f elementor-section-height-min-height elementor-section-content-top elementor-section-boxed elementor-section-height-default elementor-section-items-middle\" data-id=\"7e9c76f\" data-element_type=\"section\" data-e-type=\"section\" data-settings=\"{&quot;background_background&quot;:&quot;gradient&quot;}\">\n\t\t\t\t\t\t<div class=\"elementor-container elementor-column-gap-default\">\n\t\t\t\t\t<div class=\"elementor-column elementor-col-33 elementor-top-column elementor-element elementor-element-e116a85\" data-id=\"e116a85\" data-element_type=\"column\" data-e-type=\"column\">\n\t\t\t<div class=\"elementor-widget-wrap elementor-element-populated\">\n\t\t\t\t\t\t<div class=\"elementor-element elementor-element-965bd01 elementor-widget elementor-widget-heading\" data-id=\"965bd01\" data-element_type=\"widget\" data-e-type=\"widget\" data-widget_type=\"heading.default\">\n\t\t\t\t<div class=\"elementor-widget-container\">\n\t\t\t\t\t<h2 class=\"elementor-heading-title elementor-size-default\">Morada<\/h2>\t\t\t\t<\/div>\n\t\t\t\t<\/div>\n\t\t\t\t<div class=\"elementor-element elementor-element-dc2b655 elementor-widget elementor-widget-text-editor\" data-id=\"dc2b655\" data-element_type=\"widget\" data-e-type=\"widget\" data-widget_type=\"text-editor.default\">\n\t\t\t\t<div class=\"elementor-widget-container\">\n\t\t\t\t\t\t\t\t\t<p>Aeroporto da Madeira<\/p><p>9100-105 Santa Cruz<\/p><p>Madeira &#8211; Portugal<\/p>\t\t\t\t\t\t\t\t<\/div>\n\t\t\t\t<\/div>\n\t\t\t\t\t<\/div>\n\t\t<\/div>\n\t\t\t\t<div class=\"elementor-column elementor-col-33 elementor-top-column elementor-element elementor-element-55013c6\" data-id=\"55013c6\" data-element_type=\"column\" data-e-type=\"column\">\n\t\t\t<div class=\"elementor-widget-wrap elementor-element-populated\">\n\t\t\t\t\t\t<div class=\"elementor-element elementor-element-1fece99 elementor-align-center elementor-widget elementor-widget-button\" data-id=\"1fece99\" data-element_type=\"widget\" data-e-type=\"widget\" data-widget_type=\"button.default\">\n\t\t\t\t<div class=\"elementor-widget-container\">\n\t\t\t\t\t\t\t\t\t<div class=\"elementor-button-wrapper\">\n\t\t\t\t\t<a class=\"elementor-button elementor-button-link elementor-size-xs\" href=\"https:\/\/serviflight.pt\/?page_id=1319\">\n\t\t\t\t\t\t<span class=\"elementor-button-content-wrapper\">\n\t\t\t\t\t\t<span class=\"elementor-button-icon\">\n\t\t\t\t<i aria-hidden=\"true\" class=\"fas fa-info-circle\"><\/i>\t\t\t<\/span>\n\t\t\t\t\t\t\t\t\t<span class=\"elementor-button-text\">Mais informa\u00e7\u00f5es<\/span>\n\t\t\t\t\t<\/span>\n\t\t\t\t\t<\/a>\n\t\t\t\t<\/div>\n\t\t\t\t\t\t\t\t<\/div>\n\t\t\t\t<\/div>\n\t\t\t\t<div class=\"elementor-element elementor-element-617aebc elementor-shape-rounded elementor-grid-0 e-grid-align-center elementor-widget elementor-widget-social-icons\" data-id=\"617aebc\" data-element_type=\"widget\" data-e-type=\"widget\" data-widget_type=\"social-icons.default\">\n\t\t\t\t<div class=\"elementor-widget-container\">\n\t\t\t\t\t\t\t<div class=\"elementor-social-icons-wrapper elementor-grid\" role=\"list\">\n\t\t\t\t\t\t\t<span class=\"elementor-grid-item\" role=\"listitem\">\n\t\t\t\t\t<a class=\"elementor-icon elementor-social-icon elementor-social-icon-facebook elementor-repeater-item-6b8fc2f\" href=\"https:\/\/www.facebook.com\/Serviflight\" target=\"_blank\">\n\t\t\t\t\t\t<span class=\"elementor-screen-only\">Facebook<\/span>\n\t\t\t\t\t\t<i aria-hidden=\"true\" class=\"fab fa-facebook\"><\/i>\t\t\t\t\t<\/a>\n\t\t\t\t<\/span>\n\t\t\t\t\t\t\t<span class=\"elementor-grid-item\" role=\"listitem\">\n\t\t\t\t\t<a class=\"elementor-icon elementor-social-icon elementor-social-icon-instagram elementor-repeater-item-21bc1ec\" href=\"https:\/\/www.instagram.com\/serviflight\/\" target=\"_blank\">\n\t\t\t\t\t\t<span class=\"elementor-screen-only\">Instagram<\/span>\n\t\t\t\t\t\t<i aria-hidden=\"true\" class=\"fab fa-instagram\"><\/i>\t\t\t\t\t<\/a>\n\t\t\t\t<\/span>\n\t\t\t\t\t\t\t<span class=\"elementor-grid-item\" role=\"listitem\">\n\t\t\t\t\t<a class=\"elementor-icon elementor-social-icon elementor-social-icon-envelope elementor-repeater-item-680819a\" href=\"http:\/\/account@serviflight.pt\" target=\"_blank\">\n\t\t\t\t\t\t<span class=\"elementor-screen-only\">Envelope<\/span>\n\t\t\t\t\t\t<i aria-hidden=\"true\" class=\"fas fa-envelope\"><\/i>\t\t\t\t\t<\/a>\n\t\t\t\t<\/span>\n\t\t\t\t\t\t\t<span class=\"elementor-grid-item\" role=\"listitem\">\n\t\t\t\t\t<a class=\"elementor-icon elementor-social-icon elementor-social-icon-book elementor-repeater-item-d4a9537\" href=\"https:\/\/www.livroreclamacoes.pt\/Utilizador\/AutenticacaoConsumidor\" target=\"_blank\">\n\t\t\t\t\t\t<span class=\"elementor-screen-only\">Book<\/span>\n\t\t\t\t\t\t<i aria-hidden=\"true\" class=\"fas fa-book\"><\/i>\t\t\t\t\t<\/a>\n\t\t\t\t<\/span>\n\t\t\t\t\t<\/div>\n\t\t\t\t\t\t<\/div>\n\t\t\t\t<\/div>\n\t\t\t\t\t<\/div>\n\t\t<\/div>\n\t\t\t\t<div class=\"elementor-column elementor-col-33 elementor-top-column elementor-element elementor-element-9a1fd92\" data-id=\"9a1fd92\" data-element_type=\"column\" data-e-type=\"column\">\n\t\t\t<div class=\"elementor-widget-wrap elementor-element-populated\">\n\t\t\t\t\t\t<div class=\"elementor-element elementor-element-4588379 elementor-widget elementor-widget-heading\" data-id=\"4588379\" data-element_type=\"widget\" data-e-type=\"widget\" data-widget_type=\"heading.default\">\n\t\t\t\t<div class=\"elementor-widget-container\">\n\t\t\t\t\t<h2 class=\"elementor-heading-title elementor-size-default\">Contactos<\/h2>\t\t\t\t<\/div>\n\t\t\t\t<\/div>\n\t\t\t\t<div class=\"elementor-element elementor-element-75b371a elementor-widget elementor-widget-text-editor\" data-id=\"75b371a\" data-element_type=\"widget\" data-e-type=\"widget\" data-widget_type=\"text-editor.default\">\n\t\t\t\t<div class=\"elementor-widget-container\">\n\t\t\t\t\t\t\t\t\t<p>Tel: +351 291 520 200<\/p>\n<p><u>Chamada para a rede fixa nacional<\/u><\/p>\n<p>Mob: +351 969 828 442<\/p>\n<p><u>Chamada para a rede m\u00f3vel nacional<\/u><\/p>\n<p>Commercial: commercial@serviflight.pt<\/p>\n<p>Inflight Catering: operations@serviflight.pt<\/p>\t\t\t\t\t\t\t\t<\/div>\n\t\t\t\t<\/div>\n\t\t\t\t\t<\/div>\n\t\t<\/div>\n\t\t\t\t\t<\/div>\n\t\t<\/section>\n\t\t\t\t<section class=\"elementor-section elementor-top-section elementor-element elementor-element-e5b39aa elementor-section-boxed elementor-section-height-default elementor-section-height-default\" data-id=\"e5b39aa\" data-element_type=\"section\" data-e-type=\"section\" data-settings=\"{&quot;background_background&quot;:&quot;gradient&quot;}\">\n\t\t\t\t\t\t<div class=\"elementor-container elementor-column-gap-default\">\n\t\t\t\t\t<div class=\"elementor-column elementor-col-100 elementor-top-column elementor-element elementor-element-b21c481\" data-id=\"b21c481\" data-element_type=\"column\" data-e-type=\"column\">\n\t\t\t<div class=\"elementor-widget-wrap elementor-element-populated\">\n\t\t\t\t\t\t<div class=\"elementor-element elementor-element-13aa294 elementor-widget elementor-widget-image\" data-id=\"13aa294\" data-element_type=\"widget\" data-e-type=\"widget\" data-widget_type=\"image.default\">\n\t\t\t\t<div class=\"elementor-widget-container\">\n\t\t\t\t\t\t\t\t\t\t\t\t\t\t\t<img fetchpriority=\"high\" decoding=\"async\" width=\"1024\" height=\"171\" src=\"https:\/\/serviflight.pt\/wp-content\/uploads\/2025\/12\/MADEIRA2030_BarraCofinan_Band_Ass_RGB_3590px-1024x171.png\" class=\"attachment-large size-large wp-image-2812\" alt=\"\" srcset=\"https:\/\/serviflight.pt\/wp-content\/uploads\/2025\/12\/MADEIRA2030_BarraCofinan_Band_Ass_RGB_3590px-1024x171.png 1024w, https:\/\/serviflight.pt\/wp-content\/uploads\/2025\/12\/MADEIRA2030_BarraCofinan_Band_Ass_RGB_3590px-300x50.png 300w, https:\/\/serviflight.pt\/wp-content\/uploads\/2025\/12\/MADEIRA2030_BarraCofinan_Band_Ass_RGB_3590px-768x128.png 768w, https:\/\/serviflight.pt\/wp-content\/uploads\/2025\/12\/MADEIRA2030_BarraCofinan_Band_Ass_RGB_3590px-1536x256.png 1536w, https:\/\/serviflight.pt\/wp-content\/uploads\/2025\/12\/MADEIRA2030_BarraCofinan_Band_Ass_RGB_3590px-2048x341.png 2048w\" sizes=\"(max-width: 1024px) 100vw, 1024px\" \/>\t\t\t\t\t\t\t\t\t\t\t\t\t\t\t<\/div>\n\t\t\t\t<\/div>\n\t\t\t\t\t<\/div>\n\t\t<\/div>\n\t\t\t\t\t<\/div>\n\t\t<\/section>\n\t\t\t\t<\/div>\n\t\t","protected":false},"excerpt":{"rendered":"<p>Feedback Feedback relativo aos nossos servi\u00e7os Morada Aeroporto da Madeira 9100-105 Santa Cruz Madeira &#8211; Portugal Mais informa\u00e7\u00f5es Facebook Instagram Envelope Book Contactos Tel: +351 291 520 200 Chamada para a rede fixa nacional Mob: +351 969 828 442 Chamada para a rede m\u00f3vel nacional Commercial: commercial@serviflight.pt Inflight Catering: operations@serviflight.pt<\/p>\n","protected":false},"author":1,"featured_media":0,"parent":0,"menu_order":5,"comment_status":"closed","ping_status":"closed","template":"elementor_header_footer","meta":{"site-sidebar-layout":"no-sidebar","site-content-layout":"page-builder","ast-site-content-layout":"","site-content-style":"default","site-sidebar-style":"default","ast-global-header-display":"","ast-banner-title-visibility":"","ast-main-header-display":"","ast-hfb-above-header-display":"","ast-hfb-below-header-display":"","ast-hfb-mobile-header-display":"","site-post-title":"disabled","ast-breadcrumbs-content":"","ast-featured-img":"disabled","footer-sml-layout":"","theme-transparent-header-meta":"","adv-header-id-meta":"","stick-header-meta":"","header-above-stick-meta":"","header-main-stick-meta":"","header-below-stick-meta":"","astra-migrate-meta-layouts":"default","ast-page-background-enabled":"default","ast-page-background-meta":{"desktop":{"background-color":"var(--ast-global-color-4)","background-image":"","background-repeat":"repeat","background-position":"center center","background-size":"auto","background-attachment":"scroll","background-type":"","background-media":"","overlay-type":"","overlay-color":"","overlay-gradient":""},"tablet":{"background-color":"","background-image":"","background-repeat":"repeat","background-position":"center center","background-size":"auto","background-attachment":"scroll","background-type":"","background-media":"","overlay-type":"","overlay-color":"","overlay-gradient":""},"mobile":{"background-color":"","background-image":"","background-repeat":"repeat","background-position":"center center","background-size":"auto","background-attachment":"scroll","background-type":"","background-media":"","overlay-type":"","overlay-color":"","overlay-gradient":""}},"ast-content-background-meta":{"desktop":{"background-color":"var(--ast-global-color-5)","background-image":"","background-repeat":"repeat","background-position":"center center","background-size":"auto","background-attachment":"scroll","background-type":"","background-media":"","overlay-type":"","overlay-color":"","overlay-gradient":""},"tablet":{"background-color":"var(--ast-global-color-5)","background-image":"","background-repeat":"repeat","background-position":"center center","background-size":"auto","background-attachment":"scroll","background-type":"","background-media":"","overlay-type":"","overlay-color":"","overlay-gradient":""},"mobile":{"background-color":"var(--ast-global-color-5)","background-image":"","background-repeat":"repeat","background-position":"center center","background-size":"auto","background-attachment":"scroll","background-type":"","background-media":"","overlay-type":"","overlay-color":"","overlay-gradient":""}},"footnotes":""},"class_list":["post-2091","page","type-page","status-publish","hentry"],"_links":{"self":[{"href":"https:\/\/serviflight.pt\/index.php?rest_route=\/wp\/v2\/pages\/2091","targetHints":{"allow":["GET"]}}],"collection":[{"href":"https:\/\/serviflight.pt\/index.php?rest_route=\/wp\/v2\/pages"}],"about":[{"href":"https:\/\/serviflight.pt\/index.php?rest_route=\/wp\/v2\/types\/page"}],"author":[{"embeddable":true,"href":"https:\/\/serviflight.pt\/index.php?rest_route=\/wp\/v2\/users\/1"}],"replies":[{"embeddable":true,"href":"https:\/\/serviflight.pt\/index.php?rest_route=%2Fwp%2Fv2%2Fcomments&post=2091"}],"version-history":[{"count":66,"href":"https:\/\/serviflight.pt\/index.php?rest_route=\/wp\/v2\/pages\/2091\/revisions"}],"predecessor-version":[{"id":2892,"href":"https:\/\/serviflight.pt\/index.php?rest_route=\/wp\/v2\/pages\/2091\/revisions\/2892"}],"wp:attachment":[{"href":"https:\/\/serviflight.pt\/index.php?rest_route=%2Fwp%2Fv2%2Fmedia&parent=2091"}],"curies":[{"name":"wp","href":"https:\/\/api.w.org\/{rel}","templated":true}]}}