{"id":2148,"date":"2022-02-24T16:48:44","date_gmt":"2022-02-24T16:48:44","guid":{"rendered":"https:\/\/serviflight.pt\/?page_id=2148"},"modified":"2025-12-11T16:50:45","modified_gmt":"2025-12-11T16:50:45","slug":"menu-privados","status":"publish","type":"page","link":"https:\/\/serviflight.pt\/?page_id=2148","title":{"rendered":"Menu Privados"},"content":{"rendered":"\t\t<div data-elementor-type=\"wp-page\" data-elementor-id=\"2148\" class=\"elementor elementor-2148\">\n\t\t\t\t\t\t<section class=\"elementor-section elementor-top-section elementor-element elementor-element-k0ketwg elementor-section-height-min-height elementor-section-boxed elementor-section-height-default elementor-section-items-middle\" data-id=\"k0ketwg\" data-element_type=\"section\" data-e-type=\"section\" data-settings=\"{&quot;background_background&quot;:&quot;slideshow&quot;,&quot;background_slideshow_gallery&quot;:[{&quot;id&quot;:2498,&quot;url&quot;:&quot;https:\\\/\\\/serviflight.pt\\\/wp-content\\\/uploads\\\/2022\\\/05\\\/b3746799-d401-458e-8e16-1dd1e2ff7f95.jpeg&quot;},{&quot;id&quot;:2495,&quot;url&quot;:&quot;https:\\\/\\\/serviflight.pt\\\/wp-content\\\/uploads\\\/2022\\\/05\\\/a6985ce1-ddc2-4d0f-a4f4-4b8cfec75ce1.jpeg&quot;},{&quot;id&quot;:2494,&quot;url&quot;:&quot;https:\\\/\\\/serviflight.pt\\\/wp-content\\\/uploads\\\/2022\\\/05\\\/a507ca10-e9f9-4a3b-b45d-e77bd638093f.jpeg&quot;},{&quot;id&quot;:2490,&quot;url&quot;:&quot;https:\\\/\\\/serviflight.pt\\\/wp-content\\\/uploads\\\/2022\\\/05\\\/9729f985-2894-47ba-9001-1929e1240303.jpeg&quot;},{&quot;id&quot;:2481,&quot;url&quot;:&quot;https:\\\/\\\/serviflight.pt\\\/wp-content\\\/uploads\\\/2022\\\/05\\\/0b5d8d7a-cd58-4106-93d0-8e60b6d95305.jpeg&quot;},{&quot;id&quot;:2489,&quot;url&quot;:&quot;https:\\\/\\\/serviflight.pt\\\/wp-content\\\/uploads\\\/2022\\\/05\\\/85b92ad1-4586-4d59-88eb-79f6312ab338.jpeg&quot;},{&quot;id&quot;:2483,&quot;url&quot;:&quot;https:\\\/\\\/serviflight.pt\\\/wp-content\\\/uploads\\\/2022\\\/05\\\/6bcdc999-4002-4862-92a8-07ac121211a6.jpeg&quot;},{&quot;id&quot;:2484,&quot;url&quot;:&quot;https:\\\/\\\/serviflight.pt\\\/wp-content\\\/uploads\\\/2022\\\/05\\\/9d0fcefe-5723-4c15-aa25-41c77b9bcb43.jpeg&quot;},{&quot;id&quot;:2482,&quot;url&quot;:&quot;https:\\\/\\\/serviflight.pt\\\/wp-content\\\/uploads\\\/2022\\\/05\\\/04d757b2-b4ee-4aec-897d-e3b22a5e4fb3.jpeg&quot;},{&quot;id&quot;:2486,&quot;url&quot;:&quot;https:\\\/\\\/serviflight.pt\\\/wp-content\\\/uploads\\\/2022\\\/05\\\/49fcf656-ffb1-479b-8503-6f4ab76d0cb6.jpeg&quot;}],&quot;background_slideshow_loop&quot;:&quot;yes&quot;,&quot;background_slideshow_slide_duration&quot;:5000,&quot;background_slideshow_slide_transition&quot;:&quot;fade&quot;,&quot;background_slideshow_transition_duration&quot;:500}\">\n\t\t\t\t\t\t\t<div class=\"elementor-background-overlay\"><\/div>\n\t\t\t\t\t\t\t<div class=\"elementor-container elementor-column-gap-default\">\n\t\t\t\t\t<div class=\"elementor-column elementor-col-100 elementor-top-column elementor-element elementor-element-6a5337e\" data-id=\"6a5337e\" data-element_type=\"column\" data-e-type=\"column\">\n\t\t\t<div class=\"elementor-widget-wrap elementor-element-populated\">\n\t\t\t\t\t\t<div class=\"elementor-element elementor-element-feefb6c elementor-widget elementor-widget-heading\" data-id=\"feefb6c\" data-element_type=\"widget\" data-e-type=\"widget\" data-widget_type=\"heading.default\">\n\t\t\t\t<div class=\"elementor-widget-container\">\n\t\t\t\t\t<h1 class=\"elementor-heading-title elementor-size-default\">Menu Avia\u00e7\u00e3o<\/h1>\t\t\t\t<\/div>\n\t\t\t\t<\/div>\n\t\t\t\t\t<\/div>\n\t\t<\/div>\n\t\t\t\t\t<\/div>\n\t\t<\/section>\n\t\t\t\t<section class=\"elementor-section elementor-top-section elementor-element elementor-element-23aea56 elementor-section-boxed elementor-section-height-default elementor-section-height-default\" data-id=\"23aea56\" data-element_type=\"section\" data-e-type=\"section\" data-settings=\"{&quot;background_background&quot;:&quot;classic&quot;}\">\n\t\t\t\t\t\t<div class=\"elementor-container elementor-column-gap-default\">\n\t\t\t\t\t<div class=\"elementor-column elementor-col-100 elementor-top-column elementor-element elementor-element-75b317f\" data-id=\"75b317f\" data-element_type=\"column\" data-e-type=\"column\">\n\t\t\t<div class=\"elementor-widget-wrap elementor-element-populated\">\n\t\t\t\t\t\t<div class=\"elementor-element elementor-element-99b3dc8 elementor-widget elementor-widget-heading\" data-id=\"99b3dc8\" data-element_type=\"widget\" data-e-type=\"widget\" data-widget_type=\"heading.default\">\n\t\t\t\t<div class=\"elementor-widget-container\">\n\t\t\t\t\t<h2 class=\"elementor-heading-title elementor-size-default\">Desafie nos e fa\u00e7a o pedido \u00e0 sua escolha!<\/h2>\t\t\t\t<\/div>\n\t\t\t\t<\/div>\n\t\t\t\t<div class=\"elementor-element elementor-element-7b20928 elementor-widget elementor-widget-heading\" data-id=\"7b20928\" data-element_type=\"widget\" data-e-type=\"widget\" data-widget_type=\"heading.default\">\n\t\t\t\t<div class=\"elementor-widget-container\">\n\t\t\t\t\t<h2 class=\"elementor-heading-title elementor-size-default\">*Pedidos efetuados em menos de 24h ser\u00e1 cobrado um valor de Last minute de 50\u20ac.<\/h2>\t\t\t\t<\/div>\n\t\t\t\t<\/div>\n\t\t\t\t\t<\/div>\n\t\t<\/div>\n\t\t\t\t\t<\/div>\n\t\t<\/section>\n\t\t\t\t<section class=\"elementor-section elementor-top-section elementor-element elementor-element-e8fd285 elementor-section-boxed elementor-section-height-default elementor-section-height-default\" data-id=\"e8fd285\" data-element_type=\"section\" data-e-type=\"section\" data-settings=\"{&quot;background_background&quot;:&quot;classic&quot;}\">\n\t\t\t\t\t\t<div class=\"elementor-container elementor-column-gap-default\">\n\t\t\t\t\t<div class=\"elementor-column elementor-col-100 elementor-top-column elementor-element elementor-element-b5acd4d\" data-id=\"b5acd4d\" data-element_type=\"column\" data-e-type=\"column\">\n\t\t\t<div class=\"elementor-widget-wrap elementor-element-populated\">\n\t\t\t\t\t\t<div class=\"elementor-element elementor-element-56ffc61 elementor-widget elementor-widget-image\" data-id=\"56ffc61\" data-element_type=\"widget\" data-e-type=\"widget\" data-widget_type=\"image.default\">\n\t\t\t\t<div class=\"elementor-widget-container\">\n\t\t\t\t\t\t\t\t\t\t\t\t\t\t\t<img fetchpriority=\"high\" decoding=\"async\" width=\"768\" height=\"994\" src=\"https:\/\/serviflight.pt\/wp-content\/uploads\/2022\/07\/AppetizerandTrays-768x994.png\" class=\"attachment-medium_large size-medium_large wp-image-2528\" alt=\"\" srcset=\"https:\/\/serviflight.pt\/wp-content\/uploads\/2022\/07\/AppetizerandTrays-768x994.png 768w, https:\/\/serviflight.pt\/wp-content\/uploads\/2022\/07\/AppetizerandTrays-232x300.png 232w, https:\/\/serviflight.pt\/wp-content\/uploads\/2022\/07\/AppetizerandTrays-791x1024.png 791w, https:\/\/serviflight.pt\/wp-content\/uploads\/2022\/07\/AppetizerandTrays-1187x1536.png 1187w, https:\/\/serviflight.pt\/wp-content\/uploads\/2022\/07\/AppetizerandTrays.png 1545w\" sizes=\"(max-width: 768px) 100vw, 768px\" \/>\t\t\t\t\t\t\t\t\t\t\t\t\t\t\t<\/div>\n\t\t\t\t<\/div>\n\t\t\t\t<div class=\"elementor-element elementor-element-aff9d39 elementor-widget elementor-widget-image\" data-id=\"aff9d39\" data-element_type=\"widget\" data-e-type=\"widget\" data-widget_type=\"image.default\">\n\t\t\t\t<div class=\"elementor-widget-container\">\n\t\t\t\t\t\t\t\t\t\t\t\t\t\t\t<img decoding=\"async\" width=\"768\" height=\"994\" src=\"https:\/\/serviflight.pt\/wp-content\/uploads\/2022\/07\/Meat-Dishes-768x994.png\" class=\"attachment-medium_large size-medium_large wp-image-2531\" alt=\"\" srcset=\"https:\/\/serviflight.pt\/wp-content\/uploads\/2022\/07\/Meat-Dishes-768x994.png 768w, https:\/\/serviflight.pt\/wp-content\/uploads\/2022\/07\/Meat-Dishes-232x300.png 232w, https:\/\/serviflight.pt\/wp-content\/uploads\/2022\/07\/Meat-Dishes-791x1024.png 791w, https:\/\/serviflight.pt\/wp-content\/uploads\/2022\/07\/Meat-Dishes-1187x1536.png 1187w, https:\/\/serviflight.pt\/wp-content\/uploads\/2022\/07\/Meat-Dishes.png 1545w\" sizes=\"(max-width: 768px) 100vw, 768px\" \/>\t\t\t\t\t\t\t\t\t\t\t\t\t\t\t<\/div>\n\t\t\t\t<\/div>\n\t\t\t\t\t<\/div>\n\t\t<\/div>\n\t\t\t\t\t<\/div>\n\t\t<\/section>\n\t\t\t\t<section class=\"elementor-section elementor-top-section elementor-element elementor-element-5617c69 elementor-section-boxed elementor-section-height-default elementor-section-height-default\" data-id=\"5617c69\" data-element_type=\"section\" data-e-type=\"section\" data-settings=\"{&quot;background_background&quot;:&quot;classic&quot;}\">\n\t\t\t\t\t\t<div class=\"elementor-container elementor-column-gap-default\">\n\t\t\t\t\t<div class=\"elementor-column elementor-col-100 elementor-top-column elementor-element elementor-element-9824ddf\" data-id=\"9824ddf\" data-element_type=\"column\" data-e-type=\"column\">\n\t\t\t<div class=\"elementor-widget-wrap elementor-element-populated\">\n\t\t\t\t\t\t<div class=\"elementor-element elementor-element-a3a139f elementor-widget elementor-widget-image\" data-id=\"a3a139f\" data-element_type=\"widget\" data-e-type=\"widget\" data-widget_type=\"image.default\">\n\t\t\t\t<div class=\"elementor-widget-container\">\n\t\t\t\t\t\t\t\t\t\t\t\t\t\t\t<img decoding=\"async\" width=\"768\" height=\"994\" src=\"https:\/\/serviflight.pt\/wp-content\/uploads\/2022\/07\/Fish-Dishes-768x994.png\" class=\"attachment-medium_large size-medium_large wp-image-2530\" alt=\"\" srcset=\"https:\/\/serviflight.pt\/wp-content\/uploads\/2022\/07\/Fish-Dishes-768x994.png 768w, https:\/\/serviflight.pt\/wp-content\/uploads\/2022\/07\/Fish-Dishes-232x300.png 232w, https:\/\/serviflight.pt\/wp-content\/uploads\/2022\/07\/Fish-Dishes-791x1024.png 791w, https:\/\/serviflight.pt\/wp-content\/uploads\/2022\/07\/Fish-Dishes-1187x1536.png 1187w, https:\/\/serviflight.pt\/wp-content\/uploads\/2022\/07\/Fish-Dishes.png 1545w\" sizes=\"(max-width: 768px) 100vw, 768px\" \/>\t\t\t\t\t\t\t\t\t\t\t\t\t\t\t<\/div>\n\t\t\t\t<\/div>\n\t\t\t\t<div class=\"elementor-element elementor-element-14541fe elementor-widget elementor-widget-image\" data-id=\"14541fe\" data-element_type=\"widget\" data-e-type=\"widget\" data-widget_type=\"image.default\">\n\t\t\t\t<div class=\"elementor-widget-container\">\n\t\t\t\t\t\t\t\t\t\t\t\t\t\t\t<img loading=\"lazy\" decoding=\"async\" width=\"768\" height=\"994\" src=\"https:\/\/serviflight.pt\/wp-content\/uploads\/2022\/07\/Desserts-768x994.png\" class=\"attachment-medium_large size-medium_large wp-image-2529\" alt=\"\" srcset=\"https:\/\/serviflight.pt\/wp-content\/uploads\/2022\/07\/Desserts-768x994.png 768w, https:\/\/serviflight.pt\/wp-content\/uploads\/2022\/07\/Desserts-232x300.png 232w, https:\/\/serviflight.pt\/wp-content\/uploads\/2022\/07\/Desserts-791x1024.png 791w, https:\/\/serviflight.pt\/wp-content\/uploads\/2022\/07\/Desserts-1187x1536.png 1187w, https:\/\/serviflight.pt\/wp-content\/uploads\/2022\/07\/Desserts.png 1545w\" sizes=\"(max-width: 768px) 100vw, 768px\" \/>\t\t\t\t\t\t\t\t\t\t\t\t\t\t\t<\/div>\n\t\t\t\t<\/div>\n\t\t\t\t\t<\/div>\n\t\t<\/div>\n\t\t\t\t\t<\/div>\n\t\t<\/section>\n\t\t\t\t<section class=\"elementor-section elementor-top-section elementor-element elementor-element-0aa01ad elementor-section-full_width animated-slow elementor-section-height-min-height elementor-section-height-default elementor-section-items-middle\" data-id=\"0aa01ad\" data-element_type=\"section\" data-e-type=\"section\" data-settings=\"{&quot;animation&quot;:&quot;none&quot;,&quot;background_background&quot;:&quot;classic&quot;}\">\n\t\t\t\t\t\t<div class=\"elementor-container elementor-column-gap-default\">\n\t\t\t\t\t<div class=\"elementor-column elementor-col-100 elementor-top-column elementor-element elementor-element-c00b25d\" data-id=\"c00b25d\" data-element_type=\"column\" data-e-type=\"column\" data-settings=\"{&quot;background_background&quot;:&quot;classic&quot;}\">\n\t\t\t<div class=\"elementor-widget-wrap elementor-element-populated\">\n\t\t\t\t\t\t<div class=\"elementor-element elementor-element-74695cc elementor-widget-divider--view-line elementor-widget elementor-widget-divider\" data-id=\"74695cc\" data-element_type=\"widget\" data-e-type=\"widget\" data-widget_type=\"divider.default\">\n\t\t\t\t<div class=\"elementor-widget-container\">\n\t\t\t\t\t\t\t<div class=\"elementor-divider\">\n\t\t\t<span class=\"elementor-divider-separator\">\n\t\t\t\t\t\t<\/span>\n\t\t<\/div>\n\t\t\t\t\t\t<\/div>\n\t\t\t\t<\/div>\n\t\t\t\t<div class=\"elementor-element elementor-element-c343f8e elementor-widget elementor-widget-google_maps\" data-id=\"c343f8e\" data-element_type=\"widget\" data-e-type=\"widget\" data-widget_type=\"google_maps.default\">\n\t\t\t\t<div class=\"elementor-widget-container\">\n\t\t\t\t\t\t\t<div class=\"elementor-custom-embed\">\n\t\t\t<iframe loading=\"lazy\"\n\t\t\t\t\tsrc=\"https:\/\/maps.google.com\/maps?q=Aeroporto%20da%20Madeira%20&#038;t=m&#038;z=14&#038;output=embed&#038;iwloc=near\"\n\t\t\t\t\ttitle=\"Aeroporto da Madeira \"\n\t\t\t\t\taria-label=\"Aeroporto da Madeira \"\n\t\t\t><\/iframe>\n\t\t<\/div>\n\t\t\t\t\t\t<\/div>\n\t\t\t\t<\/div>\n\t\t\t\t\t<\/div>\n\t\t<\/div>\n\t\t\t\t\t<\/div>\n\t\t<\/section>\n\t\t\t\t<section class=\"elementor-section elementor-top-section elementor-element elementor-element-4193f3e elementor-section-height-min-height elementor-section-content-top elementor-section-boxed elementor-section-height-default elementor-section-items-middle\" data-id=\"4193f3e\" data-element_type=\"section\" data-e-type=\"section\" data-settings=\"{&quot;background_background&quot;:&quot;gradient&quot;}\">\n\t\t\t\t\t\t<div class=\"elementor-container elementor-column-gap-default\">\n\t\t\t\t\t<div class=\"elementor-column elementor-col-33 elementor-top-column elementor-element elementor-element-373668a\" data-id=\"373668a\" data-element_type=\"column\" data-e-type=\"column\">\n\t\t\t<div class=\"elementor-widget-wrap elementor-element-populated\">\n\t\t\t\t\t\t<div class=\"elementor-element elementor-element-6324ba2 elementor-widget elementor-widget-heading\" data-id=\"6324ba2\" data-element_type=\"widget\" data-e-type=\"widget\" data-widget_type=\"heading.default\">\n\t\t\t\t<div class=\"elementor-widget-container\">\n\t\t\t\t\t<h2 class=\"elementor-heading-title elementor-size-default\">Morada<\/h2>\t\t\t\t<\/div>\n\t\t\t\t<\/div>\n\t\t\t\t<div class=\"elementor-element elementor-element-f27feb4 elementor-widget elementor-widget-text-editor\" data-id=\"f27feb4\" data-element_type=\"widget\" data-e-type=\"widget\" data-widget_type=\"text-editor.default\">\n\t\t\t\t<div class=\"elementor-widget-container\">\n\t\t\t\t\t\t\t\t\t<p>Aeroporto da Madeira<\/p><p>9100-105 Santa Cruz<\/p><p>Madeira &#8211; Portugal<\/p>\t\t\t\t\t\t\t\t<\/div>\n\t\t\t\t<\/div>\n\t\t\t\t\t<\/div>\n\t\t<\/div>\n\t\t\t\t<div class=\"elementor-column elementor-col-33 elementor-top-column elementor-element elementor-element-f5b890c\" data-id=\"f5b890c\" data-element_type=\"column\" data-e-type=\"column\">\n\t\t\t<div class=\"elementor-widget-wrap elementor-element-populated\">\n\t\t\t\t\t\t<div class=\"elementor-element elementor-element-b85268c elementor-align-center elementor-widget elementor-widget-button\" data-id=\"b85268c\" data-element_type=\"widget\" data-e-type=\"widget\" data-widget_type=\"button.default\">\n\t\t\t\t<div class=\"elementor-widget-container\">\n\t\t\t\t\t\t\t\t\t<div class=\"elementor-button-wrapper\">\n\t\t\t\t\t<a class=\"elementor-button elementor-button-link elementor-size-xs\" href=\"https:\/\/serviflight.pt\/?page_id=1319\">\n\t\t\t\t\t\t<span class=\"elementor-button-content-wrapper\">\n\t\t\t\t\t\t<span class=\"elementor-button-icon\">\n\t\t\t\t<i aria-hidden=\"true\" class=\"fas fa-info-circle\"><\/i>\t\t\t<\/span>\n\t\t\t\t\t\t\t\t\t<span class=\"elementor-button-text\">Mais informa\u00e7\u00f5es<\/span>\n\t\t\t\t\t<\/span>\n\t\t\t\t\t<\/a>\n\t\t\t\t<\/div>\n\t\t\t\t\t\t\t\t<\/div>\n\t\t\t\t<\/div>\n\t\t\t\t<div class=\"elementor-element elementor-element-02781a0 elementor-shape-rounded elementor-grid-0 e-grid-align-center elementor-widget elementor-widget-social-icons\" data-id=\"02781a0\" data-element_type=\"widget\" data-e-type=\"widget\" data-widget_type=\"social-icons.default\">\n\t\t\t\t<div class=\"elementor-widget-container\">\n\t\t\t\t\t\t\t<div class=\"elementor-social-icons-wrapper elementor-grid\" role=\"list\">\n\t\t\t\t\t\t\t<span class=\"elementor-grid-item\" role=\"listitem\">\n\t\t\t\t\t<a class=\"elementor-icon elementor-social-icon elementor-social-icon-facebook elementor-repeater-item-6b8fc2f\" href=\"https:\/\/www.facebook.com\/Serviflight\" target=\"_blank\">\n\t\t\t\t\t\t<span class=\"elementor-screen-only\">Facebook<\/span>\n\t\t\t\t\t\t<i aria-hidden=\"true\" class=\"fab fa-facebook\"><\/i>\t\t\t\t\t<\/a>\n\t\t\t\t<\/span>\n\t\t\t\t\t\t\t<span class=\"elementor-grid-item\" role=\"listitem\">\n\t\t\t\t\t<a class=\"elementor-icon elementor-social-icon elementor-social-icon-instagram elementor-repeater-item-21bc1ec\" href=\"https:\/\/www.instagram.com\/serviflight\/\" target=\"_blank\">\n\t\t\t\t\t\t<span class=\"elementor-screen-only\">Instagram<\/span>\n\t\t\t\t\t\t<i aria-hidden=\"true\" class=\"fab fa-instagram\"><\/i>\t\t\t\t\t<\/a>\n\t\t\t\t<\/span>\n\t\t\t\t\t\t\t<span class=\"elementor-grid-item\" role=\"listitem\">\n\t\t\t\t\t<a class=\"elementor-icon elementor-social-icon elementor-social-icon-envelope elementor-repeater-item-680819a\" href=\"http:\/\/account@serviflight.pt\" target=\"_blank\">\n\t\t\t\t\t\t<span class=\"elementor-screen-only\">Envelope<\/span>\n\t\t\t\t\t\t<i aria-hidden=\"true\" class=\"fas fa-envelope\"><\/i>\t\t\t\t\t<\/a>\n\t\t\t\t<\/span>\n\t\t\t\t\t\t\t<span class=\"elementor-grid-item\" role=\"listitem\">\n\t\t\t\t\t<a class=\"elementor-icon elementor-social-icon elementor-social-icon-book elementor-repeater-item-d4a9537\" href=\"https:\/\/www.livroreclamacoes.pt\/Utilizador\/AutenticacaoConsumidor\" target=\"_blank\">\n\t\t\t\t\t\t<span class=\"elementor-screen-only\">Book<\/span>\n\t\t\t\t\t\t<i aria-hidden=\"true\" class=\"fas fa-book\"><\/i>\t\t\t\t\t<\/a>\n\t\t\t\t<\/span>\n\t\t\t\t\t<\/div>\n\t\t\t\t\t\t<\/div>\n\t\t\t\t<\/div>\n\t\t\t\t\t<\/div>\n\t\t<\/div>\n\t\t\t\t<div class=\"elementor-column elementor-col-33 elementor-top-column elementor-element elementor-element-f3ea492\" data-id=\"f3ea492\" data-element_type=\"column\" data-e-type=\"column\">\n\t\t\t<div class=\"elementor-widget-wrap elementor-element-populated\">\n\t\t\t\t\t\t<div class=\"elementor-element elementor-element-1d77066 elementor-widget elementor-widget-heading\" data-id=\"1d77066\" data-element_type=\"widget\" data-e-type=\"widget\" data-widget_type=\"heading.default\">\n\t\t\t\t<div class=\"elementor-widget-container\">\n\t\t\t\t\t<h2 class=\"elementor-heading-title elementor-size-default\">Contactos<\/h2>\t\t\t\t<\/div>\n\t\t\t\t<\/div>\n\t\t\t\t<div class=\"elementor-element elementor-element-9011c33 elementor-widget elementor-widget-text-editor\" data-id=\"9011c33\" data-element_type=\"widget\" data-e-type=\"widget\" data-widget_type=\"text-editor.default\">\n\t\t\t\t<div class=\"elementor-widget-container\">\n\t\t\t\t\t\t\t\t\t<p>Tel: +351 291 520 200<\/p>\n<p><u>Chamada para a rede fixa nacional<\/u><\/p>\n<p>Mob: +351 969 828 442<\/p>\n<p><u>Chamada para a rede m\u00f3vel nacional<\/u><\/p>\n<p>Commercial: commercial@serviflight.pt<\/p>\n<p>Inflight Catering: operations@serviflight.pt<\/p>\t\t\t\t\t\t\t\t<\/div>\n\t\t\t\t<\/div>\n\t\t\t\t\t<\/div>\n\t\t<\/div>\n\t\t\t\t\t<\/div>\n\t\t<\/section>\n\t\t\t\t<section class=\"elementor-section elementor-top-section elementor-element elementor-element-45cb96a elementor-section-boxed elementor-section-height-default elementor-section-height-default\" data-id=\"45cb96a\" data-element_type=\"section\" data-e-type=\"section\" data-settings=\"{&quot;background_background&quot;:&quot;gradient&quot;}\">\n\t\t\t\t\t\t<div class=\"elementor-container elementor-column-gap-default\">\n\t\t\t\t\t<div class=\"elementor-column elementor-col-100 elementor-top-column elementor-element elementor-element-7ee9aea\" data-id=\"7ee9aea\" data-element_type=\"column\" data-e-type=\"column\">\n\t\t\t<div class=\"elementor-widget-wrap elementor-element-populated\">\n\t\t\t\t\t\t<div class=\"elementor-element elementor-element-66d970f elementor-widget elementor-widget-image\" data-id=\"66d970f\" data-element_type=\"widget\" data-e-type=\"widget\" data-widget_type=\"image.default\">\n\t\t\t\t<div class=\"elementor-widget-container\">\n\t\t\t\t\t\t\t\t\t\t\t\t\t\t\t<img loading=\"lazy\" decoding=\"async\" width=\"1024\" height=\"171\" src=\"https:\/\/serviflight.pt\/wp-content\/uploads\/2025\/12\/MADEIRA2030_BarraCofinan_Band_Ass_RGB_3590px-1024x171.png\" class=\"attachment-large size-large wp-image-2812\" alt=\"\" srcset=\"https:\/\/serviflight.pt\/wp-content\/uploads\/2025\/12\/MADEIRA2030_BarraCofinan_Band_Ass_RGB_3590px-1024x171.png 1024w, https:\/\/serviflight.pt\/wp-content\/uploads\/2025\/12\/MADEIRA2030_BarraCofinan_Band_Ass_RGB_3590px-300x50.png 300w, https:\/\/serviflight.pt\/wp-content\/uploads\/2025\/12\/MADEIRA2030_BarraCofinan_Band_Ass_RGB_3590px-768x128.png 768w, https:\/\/serviflight.pt\/wp-content\/uploads\/2025\/12\/MADEIRA2030_BarraCofinan_Band_Ass_RGB_3590px-1536x256.png 1536w, https:\/\/serviflight.pt\/wp-content\/uploads\/2025\/12\/MADEIRA2030_BarraCofinan_Band_Ass_RGB_3590px-2048x341.png 2048w\" sizes=\"(max-width: 1024px) 100vw, 1024px\" \/>\t\t\t\t\t\t\t\t\t\t\t\t\t\t\t<\/div>\n\t\t\t\t<\/div>\n\t\t\t\t\t<\/div>\n\t\t<\/div>\n\t\t\t\t\t<\/div>\n\t\t<\/section>\n\t\t\t\t<\/div>\n\t\t","protected":false},"excerpt":{"rendered":"<p>Menu Avia\u00e7\u00e3o Desafie nos e fa\u00e7a o pedido \u00e0 sua escolha! *Pedidos efetuados em menos de 24h ser\u00e1 cobrado um valor de Last minute de 50\u20ac. Morada Aeroporto da Madeira 9100-105 Santa Cruz Madeira &#8211; Portugal Mais informa\u00e7\u00f5es Facebook Instagram Envelope Book Contactos Tel: +351 291 520 200 Chamada para a rede fixa nacional Mob: [&hellip;]<\/p>\n","protected":false},"author":1,"featured_media":0,"parent":0,"menu_order":0,"comment_status":"closed","ping_status":"closed","template":"","meta":{"site-sidebar-layout":"no-sidebar","site-content-layout":"page-builder","ast-site-content-layout":"","site-content-style":"default","site-sidebar-style":"default","ast-global-header-display":"","ast-banner-title-visibility":"","ast-main-header-display":"","ast-hfb-above-header-display":"","ast-hfb-below-header-display":"","ast-hfb-mobile-header-display":"","site-post-title":"disabled","ast-breadcrumbs-content":"","ast-featured-img":"disabled","footer-sml-layout":"","theme-transparent-header-meta":"","adv-header-id-meta":"","stick-header-meta":"","header-above-stick-meta":"","header-main-stick-meta":"","header-below-stick-meta":"","astra-migrate-meta-layouts":"default","ast-page-background-enabled":"default","ast-page-background-meta":{"desktop":{"background-color":"var(--ast-global-color-4)","background-image":"","background-repeat":"repeat","background-position":"center center","background-size":"auto","background-attachment":"scroll","background-type":"","background-media":"","overlay-type":"","overlay-color":"","overlay-gradient":""},"tablet":{"background-color":"","background-image":"","background-repeat":"repeat","background-position":"center center","background-size":"auto","background-attachment":"scroll","background-type":"","background-media":"","overlay-type":"","overlay-color":"","overlay-gradient":""},"mobile":{"background-color":"","background-image":"","background-repeat":"repeat","background-position":"center center","background-size":"auto","background-attachment":"scroll","background-type":"","background-media":"","overlay-type":"","overlay-color":"","overlay-gradient":""}},"ast-content-background-meta":{"desktop":{"background-color":"var(--ast-global-color-5)","background-image":"","background-repeat":"repeat","background-position":"center center","background-size":"auto","background-attachment":"scroll","background-type":"","background-media":"","overlay-type":"","overlay-color":"","overlay-gradient":""},"tablet":{"background-color":"var(--ast-global-color-5)","background-image":"","background-repeat":"repeat","background-position":"center center","background-size":"auto","background-attachment":"scroll","background-type":"","background-media":"","overlay-type":"","overlay-color":"","overlay-gradient":""},"mobile":{"background-color":"var(--ast-global-color-5)","background-image":"","background-repeat":"repeat","background-position":"center center","background-size":"auto","background-attachment":"scroll","background-type":"","background-media":"","overlay-type":"","overlay-color":"","overlay-gradient":""}},"footnotes":""},"class_list":["post-2148","page","type-page","status-publish","hentry"],"_links":{"self":[{"href":"https:\/\/serviflight.pt\/index.php?rest_route=\/wp\/v2\/pages\/2148","targetHints":{"allow":["GET"]}}],"collection":[{"href":"https:\/\/serviflight.pt\/index.php?rest_route=\/wp\/v2\/pages"}],"about":[{"href":"https:\/\/serviflight.pt\/index.php?rest_route=\/wp\/v2\/types\/page"}],"author":[{"embeddable":true,"href":"https:\/\/serviflight.pt\/index.php?rest_route=\/wp\/v2\/users\/1"}],"replies":[{"embeddable":true,"href":"https:\/\/serviflight.pt\/index.php?rest_route=%2Fwp%2Fv2%2Fcomments&post=2148"}],"version-history":[{"count":52,"href":"https:\/\/serviflight.pt\/index.php?rest_route=\/wp\/v2\/pages\/2148\/revisions"}],"predecessor-version":[{"id":2827,"href":"https:\/\/serviflight.pt\/index.php?rest_route=\/wp\/v2\/pages\/2148\/revisions\/2827"}],"wp:attachment":[{"href":"https:\/\/serviflight.pt\/index.php?rest_route=%2Fwp%2Fv2%2Fmedia&parent=2148"}],"curies":[{"name":"wp","href":"https:\/\/api.w.org\/{rel}","templated":true}]}}